{"id":2,"date":"2025-01-16T15:05:51","date_gmt":"2025-01-16T15:05:51","guid":{"rendered":"https:\/\/clinicadentaltxabarri.rkinformatika.online\/?page_id=2"},"modified":"2025-04-22T16:36:17","modified_gmt":"2025-04-22T16:36:17","slug":"inicio","status":"publish","type":"page","link":"https:\/\/clinicaarangoiti.com\/eu\/","title":{"rendered":"Hasiera"},"content":{"rendered":"<div data-elementor-type=\"wp-page\" data-elementor-id=\"2\" class=\"elementor elementor-2\" data-elementor-post-type=\"page\">\n\t\t\t\t<div class=\"elementor-element elementor-element-8027e83 e-flex e-con-boxed e-con e-parent\" data-id=\"8027e83\" data-element_type=\"container\" data-e-type=\"container\" data-settings=\"{&quot;background_background&quot;:&quot;classic&quot;}\">\n\t\t\t\t\t<div class=\"e-con-inner\">\n\t\t\t\t<div class=\"elementor-element elementor-element-f3b0c73 elementor-widget elementor-widget-heading\" data-id=\"f3b0c73\" data-element_type=\"widget\" data-e-type=\"widget\" data-widget_type=\"heading.default\">\n\t\t\t\t<div class=\"elementor-widget-container\">\n\t\t\t\t\t<h2 class=\"elementor-heading-title elementor-size-default\">Zure irribarrea zaintzen dugu <\/h2>\t\t\t\t<\/div>\n\t\t\t\t<\/div>\n\t\t\t\t\t<\/div>\n\t\t\t\t<\/div>\n\t\t<div class=\"elementor-element elementor-element-a7a8e9b e-flex e-con-boxed e-con e-parent\" data-id=\"a7a8e9b\" data-element_type=\"container\" data-e-type=\"container\">\n\t\t\t\t\t<div class=\"e-con-inner\">\n\t\t<div class=\"elementor-element elementor-element-47b6940 e-con-full e-flex e-con e-child\" data-id=\"47b6940\" data-element_type=\"container\" data-e-type=\"container\">\n\t\t\t\t<div class=\"elementor-element elementor-element-11bcee5 elementor-widget elementor-widget-image\" data-id=\"11bcee5\" data-element_type=\"widget\" data-e-type=\"widget\" data-widget_type=\"image.default\">\n\t\t\t\t<div class=\"elementor-widget-container\">\n\t\t\t\t\t\t\t\t\t\t\t\t\t\t\t<img fetchpriority=\"high\" decoding=\"async\" width=\"382\" height=\"510\" src=\"https:\/\/clinicaarangoiti.com\/wp-content\/uploads\/2025\/04\/unnamed.jpg\" class=\"attachment-large size-large wp-image-337\" alt=\"\" srcset=\"https:\/\/clinicaarangoiti.com\/wp-content\/uploads\/2025\/04\/unnamed.jpg 382w, https:\/\/clinicaarangoiti.com\/wp-content\/uploads\/2025\/04\/unnamed-225x300.jpg 225w, https:\/\/clinicaarangoiti.com\/wp-content\/uploads\/2025\/04\/unnamed-9x12.jpg 9w\" sizes=\"(max-width: 382px) 100vw, 382px\" \/>\t\t\t\t\t\t\t\t\t\t\t\t\t\t\t<\/div>\n\t\t\t\t<\/div>\n\t\t\t\t<\/div>\n\t\t<div class=\"elementor-element elementor-element-a7c0b88 e-con-full e-flex e-con e-child\" data-id=\"a7c0b88\" data-element_type=\"container\" data-e-type=\"container\">\n\t\t<div class=\"elementor-element elementor-element-649d350 e-con-full e-flex e-con e-child\" data-id=\"649d350\" data-element_type=\"container\" data-e-type=\"container\">\n\t\t\t\t<div class=\"elementor-element elementor-element-a4cd810 elementor-widget elementor-widget-heading\" data-id=\"a4cd810\" data-element_type=\"widget\" data-e-type=\"widget\" data-widget_type=\"heading.default\">\n\t\t\t\t<div class=\"elementor-widget-container\">\n\t\t\t\t\t<h2 class=\"elementor-heading-title elementor-size-default\">Nor gara?<\/h2>\t\t\t\t<\/div>\n\t\t\t\t<\/div>\n\t\t\t\t<\/div>\n\t\t<div class=\"elementor-element elementor-element-e0a01a4 e-con-full e-flex e-con e-child\" data-id=\"e0a01a4\" data-element_type=\"container\" data-e-type=\"container\">\n\t\t\t\t<div class=\"elementor-element elementor-element-0790498 elementor-widget elementor-widget-text-editor\" data-id=\"0790498\" data-element_type=\"widget\" data-e-type=\"widget\" data-widget_type=\"text-editor.default\">\n\t\t\t\t<div class=\"elementor-widget-container\">\n\t\t\t\t\t\t\t\t\t<p><strong data-start=\"156\" data-end=\"187\">ARANGOITI HORTZ KLINIKAN<\/strong> 20 urte baino gehiagoko ibilbidea dugu hortz-inplantologian. Gure espezialista taldeak kalitate goreneko materialekin eta abangoardiako teknologiarekin lan egiten du, emaitza estetikoak zein funtzionalak ziurtatzeko. Inplanteak jartzeak zientzia, esperientzia eta zehaztasun klinikoa konbinatzea eskatzen du. Gure konpromisoa da behar duzun informazio guztia eskaintzea, erabakiak informatuta eta konfiantzaz har ditzazun, betiere gure profesionalek lagunduta.<\/p>\t\t\t\t\t\t\t\t<\/div>\n\t\t\t\t<\/div>\n\t\t\t\t<\/div>\n\t\t\t\t<\/div>\n\t\t\t\t\t<\/div>\n\t\t\t\t<\/div>\n\t\t<div class=\"elementor-element elementor-element-6eb9b16 e-flex e-con-boxed e-con e-parent\" data-id=\"6eb9b16\" data-element_type=\"container\" data-e-type=\"container\">\n\t\t\t\t\t<div class=\"e-con-inner\">\n\t\t<div class=\"elementor-element elementor-element-830745d e-con-full e-flex e-con e-child\" data-id=\"830745d\" data-element_type=\"container\" data-e-type=\"container\">\n\t\t\t\t<div class=\"elementor-element elementor-element-344c814 elementor-widget elementor-widget-heading\" data-id=\"344c814\" data-element_type=\"widget\" data-e-type=\"widget\" data-widget_type=\"heading.default\">\n\t\t\t\t<div class=\"elementor-widget-container\">\n\t\t\t\t\t<h2 class=\"elementor-heading-title elementor-size-default\">Zer egin dezakegu zugatik?<\/h2>\t\t\t\t<\/div>\n\t\t\t\t<\/div>\n\t\t\t\t<\/div>\n\t\t<div class=\"elementor-element elementor-element-607aeac e-con-full e-flex e-con e-child\" data-id=\"607aeac\" data-element_type=\"container\" data-e-type=\"container\">\n\t\t\t\t<div class=\"elementor-element elementor-element-3f861c5 elementor-widget elementor-widget-text-editor\" data-id=\"3f861c5\" data-element_type=\"widget\" data-e-type=\"widget\" data-widget_type=\"text-editor.default\">\n\t\t\t\t<div class=\"elementor-widget-container\">\n\t\t\t\t\t\t\t\t\t<ul><li>\u00a0<strong data-start=\"140\" data-end=\"162\">Hortz-inplanteak<\/strong><\/li><li><strong data-start=\"236\" data-end=\"250\">Ortodontzia<\/strong><\/li><li><strong data-start=\"353\" data-end=\"394\">Endodontzia (hodien tratamendua)<\/strong><\/li><li><strong data-start=\"471\" data-end=\"486\">Periodontzia<\/strong><\/li><li><strong data-start=\"583\" data-end=\"602\">Hortzen estetika<\/strong><\/li><\/ul>\t\t\t\t\t\t\t\t<\/div>\n\t\t\t\t<\/div>\n\t\t\t\t<\/div>\n\t\t<div class=\"elementor-element elementor-element-0b9a8a0 e-con-full e-flex e-con e-child\" data-id=\"0b9a8a0\" data-element_type=\"container\" data-e-type=\"container\">\n\t\t\t\t<div class=\"elementor-element elementor-element-67482f1 elementor-widget elementor-widget-text-editor\" data-id=\"67482f1\" data-element_type=\"widget\" data-e-type=\"widget\" data-widget_type=\"text-editor.default\">\n\t\t\t\t<div class=\"elementor-widget-container\">\n\t\t\t\t\t\t\t\t\t<ul><li><strong data-start=\"684\" data-end=\"712\">Odontologia kontserbatzailea<\/strong><\/li><li data-start=\"802\" data-end=\"889\"><strong data-start=\"802\" data-end=\"823\">Hortz-protesiak<\/strong><\/li><li data-start=\"894\" data-end=\"981\"><strong data-start=\"894\" data-end=\"924\">Hortz-higiene profesionala<\/strong>.<\/li><li data-start=\"986\" data-end=\"1072\"><strong data-start=\"986\" data-end=\"1002\">Ahoko kirurgia<\/strong><\/li><li data-start=\"1078\" data-end=\"1187\"><strong data-start=\"1078\" data-end=\"1097\">Odontopediatria<\/strong><\/li><\/ul>\t\t\t\t\t\t\t\t<\/div>\n\t\t\t\t<\/div>\n\t\t\t\t<\/div>\n\t\t\t\t\t<\/div>\n\t\t\t\t<\/div>\n\t\t<div class=\"elementor-element elementor-element-26c9666 e-flex e-con-boxed e-con e-parent\" data-id=\"26c9666\" data-element_type=\"container\" data-e-type=\"container\" data-settings=\"{&quot;background_background&quot;:&quot;classic&quot;}\">\n\t\t\t\t\t<div class=\"e-con-inner\">\n\t\t\t\t<div class=\"elementor-element elementor-element-2846a30 elementor-widget elementor-widget-heading\" data-id=\"2846a30\" data-element_type=\"widget\" data-e-type=\"widget\" data-widget_type=\"heading.default\">\n\t\t\t\t<div class=\"elementor-widget-container\">\n\t\t\t\t\t<h2 class=\"elementor-heading-title elementor-size-default\">Azken belaunaldiko odontologia, banakako arretarekin.\n\n<\/h2>\t\t\t\t<\/div>\n\t\t\t\t<\/div>\n\t\t<div class=\"elementor-element elementor-element-ee2ab10 e-con-full e-flex e-con e-child\" data-id=\"ee2ab10\" data-element_type=\"container\" data-e-type=\"container\">\n\t\t\t\t<div class=\"elementor-element elementor-element-4ab6f23 elementor-widget elementor-widget-heading\" data-id=\"4ab6f23\" data-element_type=\"widget\" data-e-type=\"widget\" data-widget_type=\"heading.default\">\n\t\t\t\t<div class=\"elementor-widget-container\">\n\t\t\t\t\t<h2 class=\"elementor-heading-title elementor-size-default\">Kalitatea, Teknologia eta Zaintza<\/h2>\t\t\t\t<\/div>\n\t\t\t\t<\/div>\n\t\t\t\t<div class=\"elementor-element elementor-element-869129b elementor-align-center elementor-widget elementor-widget-button\" data-id=\"869129b\" data-element_type=\"widget\" data-e-type=\"widget\" data-widget_type=\"button.default\">\n\t\t\t\t<div class=\"elementor-widget-container\">\n\t\t\t\t\t\t\t\t\t<div class=\"elementor-button-wrapper\">\n\t\t\t\t\t<a class=\"elementor-button elementor-button-link elementor-size-sm elementor-animation-pulse-grow\" href=\"https:\/\/clinicaarangoiti.com\/eu\/\">\n\t\t\t\t\t\t<span class=\"elementor-button-content-wrapper\">\n\t\t\t\t\t\t\t\t\t<span class=\"elementor-button-text\">Ezagutu gaitzazu<\/span>\n\t\t\t\t\t<\/span>\n\t\t\t\t\t<\/a>\n\t\t\t\t<\/div>\n\t\t\t\t\t\t\t\t<\/div>\n\t\t\t\t<\/div>\n\t\t\t\t<\/div>\n\t\t\t\t\t<\/div>\n\t\t\t\t<\/div>\n\t\t\t\t<\/div>","protected":false},"excerpt":{"rendered":"<p>Cuidamos tu sonrisa \u00bfQuienes Somos? En CL\u00cdNICA DENTAL ARANGOITI contamos con m\u00e1s de 20 a\u00f1os de trayectoria en implantolog\u00eda dental. Nuestro equipo de especialistas trabaja con materiales de primera calidad y tecnolog\u00eda de vanguardia para asegurar resultados tanto est\u00e9ticos como funcionales. La colocaci\u00f3n de implantes requiere una combinaci\u00f3n de ciencia, experiencia y precisi\u00f3n cl\u00ednica. Nuestro [&hellip;]<\/p>\n","protected":false},"author":1,"featured_media":0,"parent":0,"menu_order":0,"comment_status":"closed","ping_status":"closed","template":"elementor_canvas","meta":{"_eb_attr":"","footnotes":""},"class_list":["post-2","page","type-page","status-publish","hentry"],"yoast_head":"<!-- This site is optimized with the Yoast SEO plugin v27.3 - https:\/\/yoast.com\/product\/yoast-seo-wordpress\/ -->\n<title>Inicio - Clinica Arangoiti<\/title>\n<meta name=\"robots\" content=\"index, follow, max-snippet:-1, max-image-preview:large, max-video-preview:-1\" \/>\n<link rel=\"canonical\" href=\"https:\/\/clinicaarangoiti.com\/eu\/\" \/>\n<meta property=\"og:locale\" content=\"en_US\" \/>\n<meta property=\"og:type\" content=\"article\" \/>\n<meta property=\"og:title\" content=\"Inicio - Clinica Arangoiti\" \/>\n<meta property=\"og:description\" content=\"Cuidamos tu sonrisa \u00bfQuienes Somos? En CL\u00cdNICA DENTAL ARANGOITI contamos con m\u00e1s de 20 a\u00f1os de trayectoria en implantolog\u00eda dental. Nuestro equipo de especialistas trabaja con materiales de primera calidad y tecnolog\u00eda de vanguardia para asegurar resultados tanto est\u00e9ticos como funcionales. La colocaci\u00f3n de implantes requiere una combinaci\u00f3n de ciencia, experiencia y precisi\u00f3n cl\u00ednica. Nuestro [&hellip;]\" \/>\n<meta property=\"og:url\" content=\"https:\/\/clinicaarangoiti.com\/eu\/\" \/>\n<meta property=\"og:site_name\" content=\"Clinica Arangoiti\" \/>\n<meta property=\"article:modified_time\" content=\"2025-04-22T16:36:17+00:00\" \/>\n<meta property=\"og:image\" content=\"https:\/\/clinicaarangoiti.com\/wp-content\/uploads\/2025\/04\/unnamed.jpg\" \/>\n<meta name=\"twitter:card\" content=\"summary_large_image\" \/>\n<meta name=\"twitter:label1\" content=\"Est. reading time\" \/>\n\t<meta name=\"twitter:data1\" content=\"1 minutua\" \/>\n<script type=\"application\/ld+json\" class=\"yoast-schema-graph\">{\"@context\":\"https:\\\/\\\/schema.org\",\"@graph\":[{\"@type\":\"WebPage\",\"@id\":\"https:\\\/\\\/clinicaarangoiti.com\\\/\",\"url\":\"https:\\\/\\\/clinicaarangoiti.com\\\/\",\"name\":\"Inicio - Clinica Arangoiti\",\"isPartOf\":{\"@id\":\"https:\\\/\\\/clinicaarangoiti.com\\\/#website\"},\"primaryImageOfPage\":{\"@id\":\"https:\\\/\\\/clinicaarangoiti.com\\\/#primaryimage\"},\"image\":{\"@id\":\"https:\\\/\\\/clinicaarangoiti.com\\\/#primaryimage\"},\"thumbnailUrl\":\"https:\\\/\\\/clinicaarangoiti.com\\\/wp-content\\\/uploads\\\/2025\\\/04\\\/unnamed.jpg\",\"datePublished\":\"2025-01-16T15:05:51+00:00\",\"dateModified\":\"2025-04-22T16:36:17+00:00\",\"breadcrumb\":{\"@id\":\"https:\\\/\\\/clinicaarangoiti.com\\\/#breadcrumb\"},\"inLanguage\":\"eu\",\"potentialAction\":[{\"@type\":\"ReadAction\",\"target\":[\"https:\\\/\\\/clinicaarangoiti.com\\\/\"]}]},{\"@type\":\"ImageObject\",\"inLanguage\":\"eu\",\"@id\":\"https:\\\/\\\/clinicaarangoiti.com\\\/#primaryimage\",\"url\":\"https:\\\/\\\/clinicaarangoiti.com\\\/wp-content\\\/uploads\\\/2025\\\/04\\\/unnamed.jpg\",\"contentUrl\":\"https:\\\/\\\/clinicaarangoiti.com\\\/wp-content\\\/uploads\\\/2025\\\/04\\\/unnamed.jpg\"},{\"@type\":\"BreadcrumbList\",\"@id\":\"https:\\\/\\\/clinicaarangoiti.com\\\/#breadcrumb\",\"itemListElement\":[{\"@type\":\"ListItem\",\"position\":1,\"name\":\"Portada\",\"item\":\"https:\\\/\\\/clinicaarangoiti.com\\\/\"},{\"@type\":\"ListItem\",\"position\":2,\"name\":\"Inicio\"}]},{\"@type\":\"WebSite\",\"@id\":\"https:\\\/\\\/clinicaarangoiti.com\\\/#website\",\"url\":\"https:\\\/\\\/clinicaarangoiti.com\\\/\",\"name\":\"Clinica Arangoiti\",\"description\":\"En Cl\u00ednica Arangoitii contamos con m\u00e1s a\u00f1os de experiencia en colocaci\u00f3n de implantes dentales\",\"publisher\":{\"@id\":\"https:\\\/\\\/clinicaarangoiti.com\\\/#organization\"},\"potentialAction\":[{\"@type\":\"SearchAction\",\"target\":{\"@type\":\"EntryPoint\",\"urlTemplate\":\"https:\\\/\\\/clinicaarangoiti.com\\\/?s={search_term_string}\"},\"query-input\":{\"@type\":\"PropertyValueSpecification\",\"valueRequired\":true,\"valueName\":\"search_term_string\"}}],\"inLanguage\":\"eu\"},{\"@type\":\"Organization\",\"@id\":\"https:\\\/\\\/clinicaarangoiti.com\\\/#organization\",\"name\":\"Clinica Arangoiti\",\"url\":\"https:\\\/\\\/clinicaarangoiti.com\\\/\",\"logo\":{\"@type\":\"ImageObject\",\"inLanguage\":\"eu\",\"@id\":\"https:\\\/\\\/clinicaarangoiti.com\\\/#\\\/schema\\\/logo\\\/image\\\/\",\"url\":\"https:\\\/\\\/clinicaarangoiti.com\\\/wp-content\\\/uploads\\\/2025\\\/04\\\/cropped-Diseno-sin-titulo-2.png\",\"contentUrl\":\"https:\\\/\\\/clinicaarangoiti.com\\\/wp-content\\\/uploads\\\/2025\\\/04\\\/cropped-Diseno-sin-titulo-2.png\",\"width\":500,\"height\":206,\"caption\":\"Clinica Arangoiti\"},\"image\":{\"@id\":\"https:\\\/\\\/clinicaarangoiti.com\\\/#\\\/schema\\\/logo\\\/image\\\/\"}}]}<\/script>\n<!-- \/ Yoast SEO plugin. -->","yoast_head_json":{"title":"Inicio - Clinica Arangoiti","robots":{"index":"index","follow":"follow","max-snippet":"max-snippet:-1","max-image-preview":"max-image-preview:large","max-video-preview":"max-video-preview:-1"},"canonical":"https:\/\/clinicaarangoiti.com\/eu\/","og_locale":"en_US","og_type":"article","og_title":"Inicio - Clinica Arangoiti","og_description":"Cuidamos tu sonrisa \u00bfQuienes Somos? En CL\u00cdNICA DENTAL ARANGOITI contamos con m\u00e1s de 20 a\u00f1os de trayectoria en implantolog\u00eda dental. Nuestro equipo de especialistas trabaja con materiales de primera calidad y tecnolog\u00eda de vanguardia para asegurar resultados tanto est\u00e9ticos como funcionales. La colocaci\u00f3n de implantes requiere una combinaci\u00f3n de ciencia, experiencia y precisi\u00f3n cl\u00ednica. Nuestro [&hellip;]","og_url":"https:\/\/clinicaarangoiti.com\/eu\/","og_site_name":"Clinica Arangoiti","article_modified_time":"2025-04-22T16:36:17+00:00","og_image":[{"url":"https:\/\/clinicaarangoiti.com\/wp-content\/uploads\/2025\/04\/unnamed.jpg","type":"","width":"","height":""}],"twitter_card":"summary_large_image","twitter_misc":{"Est. reading time":"1 minutua"},"schema":{"@context":"https:\/\/schema.org","@graph":[{"@type":"WebPage","@id":"https:\/\/clinicaarangoiti.com\/","url":"https:\/\/clinicaarangoiti.com\/","name":"Inicio - Clinica Arangoiti","isPartOf":{"@id":"https:\/\/clinicaarangoiti.com\/#website"},"primaryImageOfPage":{"@id":"https:\/\/clinicaarangoiti.com\/#primaryimage"},"image":{"@id":"https:\/\/clinicaarangoiti.com\/#primaryimage"},"thumbnailUrl":"https:\/\/clinicaarangoiti.com\/wp-content\/uploads\/2025\/04\/unnamed.jpg","datePublished":"2025-01-16T15:05:51+00:00","dateModified":"2025-04-22T16:36:17+00:00","breadcrumb":{"@id":"https:\/\/clinicaarangoiti.com\/#breadcrumb"},"inLanguage":"eu","potentialAction":[{"@type":"ReadAction","target":["https:\/\/clinicaarangoiti.com\/"]}]},{"@type":"ImageObject","inLanguage":"eu","@id":"https:\/\/clinicaarangoiti.com\/#primaryimage","url":"https:\/\/clinicaarangoiti.com\/wp-content\/uploads\/2025\/04\/unnamed.jpg","contentUrl":"https:\/\/clinicaarangoiti.com\/wp-content\/uploads\/2025\/04\/unnamed.jpg"},{"@type":"BreadcrumbList","@id":"https:\/\/clinicaarangoiti.com\/#breadcrumb","itemListElement":[{"@type":"ListItem","position":1,"name":"Portada","item":"https:\/\/clinicaarangoiti.com\/"},{"@type":"ListItem","position":2,"name":"Inicio"}]},{"@type":"WebSite","@id":"https:\/\/clinicaarangoiti.com\/#website","url":"https:\/\/clinicaarangoiti.com\/","name":"Clinica Arangoiti","description":"En Cl\u00ednica Arangoitii contamos con m\u00e1s a\u00f1os de experiencia en colocaci\u00f3n de implantes dentales","publisher":{"@id":"https:\/\/clinicaarangoiti.com\/#organization"},"potentialAction":[{"@type":"SearchAction","target":{"@type":"EntryPoint","urlTemplate":"https:\/\/clinicaarangoiti.com\/?s={search_term_string}"},"query-input":{"@type":"PropertyValueSpecification","valueRequired":true,"valueName":"search_term_string"}}],"inLanguage":"eu"},{"@type":"Organization","@id":"https:\/\/clinicaarangoiti.com\/#organization","name":"Clinica Arangoiti","url":"https:\/\/clinicaarangoiti.com\/","logo":{"@type":"ImageObject","inLanguage":"eu","@id":"https:\/\/clinicaarangoiti.com\/#\/schema\/logo\/image\/","url":"https:\/\/clinicaarangoiti.com\/wp-content\/uploads\/2025\/04\/cropped-Diseno-sin-titulo-2.png","contentUrl":"https:\/\/clinicaarangoiti.com\/wp-content\/uploads\/2025\/04\/cropped-Diseno-sin-titulo-2.png","width":500,"height":206,"caption":"Clinica Arangoiti"},"image":{"@id":"https:\/\/clinicaarangoiti.com\/#\/schema\/logo\/image\/"}}]}},"_links":{"self":[{"href":"https:\/\/clinicaarangoiti.com\/eu\/wp-json\/wp\/v2\/pages\/2","targetHints":{"allow":["GET"]}}],"collection":[{"href":"https:\/\/clinicaarangoiti.com\/eu\/wp-json\/wp\/v2\/pages"}],"about":[{"href":"https:\/\/clinicaarangoiti.com\/eu\/wp-json\/wp\/v2\/types\/page"}],"author":[{"embeddable":true,"href":"https:\/\/clinicaarangoiti.com\/eu\/wp-json\/wp\/v2\/users\/1"}],"replies":[{"embeddable":true,"href":"https:\/\/clinicaarangoiti.com\/eu\/wp-json\/wp\/v2\/comments?post=2"}],"version-history":[{"count":112,"href":"https:\/\/clinicaarangoiti.com\/eu\/wp-json\/wp\/v2\/pages\/2\/revisions"}],"predecessor-version":[{"id":429,"href":"https:\/\/clinicaarangoiti.com\/eu\/wp-json\/wp\/v2\/pages\/2\/revisions\/429"}],"wp:attachment":[{"href":"https:\/\/clinicaarangoiti.com\/eu\/wp-json\/wp\/v2\/media?parent=2"}],"curies":[{"name":"wp","href":"https:\/\/api.w.org\/{rel}","templated":true}]}}